{"id":13,"date":"2019-10-25T09:50:44","date_gmt":"2019-10-25T09:50:44","guid":{"rendered":"http:\/\/demo.athemes.com\/sydney-redesign\/?page_id=13"},"modified":"2022-07-08T12:51:19","modified_gmt":"2022-07-08T11:51:19","slug":"home","status":"publish","type":"page","link":"https:\/\/www.donhauser-transporte.de\/","title":{"rendered":"Startseite"},"content":{"rendered":"\t\t<div data-elementor-type=\"wp-page\" data-elementor-id=\"13\" class=\"elementor elementor-13\">\n\t\t\t\t\t\t<section class=\"elementor-section elementor-top-section elementor-element elementor-element-0232e55 elementor-section-boxed elementor-section-height-default elementor-section-height-default\" data-id=\"0232e55\" data-element_type=\"section\" data-settings=\"{&quot;background_background&quot;:&quot;classic&quot;}\">\n\t\t\t\t\t\t<div class=\"elementor-container elementor-column-gap-default\">\n\t\t\t\t\t<div class=\"elementor-column elementor-col-100 elementor-top-column elementor-element elementor-element-2253cb9\" data-id=\"2253cb9\" data-element_type=\"column\">\n\t\t\t<div class=\"elementor-widget-wrap elementor-element-populated\">\n\t\t\t\t\t\t<div class=\"elementor-element elementor-element-d29d24f elementor-widget elementor-widget-heading\" data-id=\"d29d24f\" data-element_type=\"widget\" data-widget_type=\"heading.default\">\n\t\t\t\t<div class=\"elementor-widget-container\">\n\t\t\t<h1 class=\"elementor-heading-title elementor-size-default\">Unser Transportunternehmen Donhauser\n\nSiegfried Transporte e.K. hei\u00dft Sie herzlich Willkommen!<br>______________________<\/h1>\t\t<\/div>\n\t\t\t\t<\/div>\n\t\t\t\t<div class=\"elementor-element elementor-element-cc2389c elementor-widget elementor-widget-text-editor\" data-id=\"cc2389c\" data-element_type=\"widget\" data-widget_type=\"text-editor.default\">\n\t\t\t\t<div class=\"elementor-widget-container\">\n\t\t\t\t\t\t\t<p>Nur wer schnell, unkompliziert und zuverl\u00e4ssig im Bereich Transport reagieren kann, kann sich auf dem Markt durchsetzen. Dabei ist wirtschaftliches Denken und Handeln besonders wichtig. Zudem muss au\u00dfergew\u00f6hnliche Flexibilit\u00e4t und Mobilit\u00e4t gew\u00e4hrleistet sein, um seinen Kunden die beste Qualit\u00e4t bieten zu k\u00f6nnen.<\/p><p>Bei Donhauser Siegfried Transporte e.K. stehen Ihre Anforderungen im Mittelpunkt.<\/p><p>Wir arbeiten f\u00fcr Sie, w\u00e4hrend Sie unbek\u00fcmmert andere Erledigungen machen k\u00f6nnen.<\/p>\t\t\t\t\t\t<\/div>\n\t\t\t\t<\/div>\n\t\t\t\t<div class=\"elementor-element elementor-element-7479f1c elementor-widget elementor-widget-heading\" data-id=\"7479f1c\" data-element_type=\"widget\" data-widget_type=\"heading.default\">\n\t\t\t\t<div class=\"elementor-widget-container\">\n\t\t\t<h3 class=\"elementor-heading-title elementor-size-default\">@font-face\n\t{font-family:\"Cambria Math\";\n\tpanose-1:2 4 5 3 5 4 6 3 2 4;\n\tmso-font-charset:0;\n\tmso-generic-font-family:roman;\n\tmso-font-pitch:variable;\n\tmso-font-signature:3 0 0 0 1 0;}@font-face\n\t{font-family:Calibri;\n\tpanose-1:2 15 5 2 2 2 4 3 2 4;\n\tmso-font-charset:0;\n\tmso-generic-font-family:swiss;\n\tmso-font-pitch:variable;\n\tmso-font-signature:-469750017 -1073732485 9 0 511 0;}p.MsoNormal, li.MsoNormal, div.MsoNormal\n\t{mso-style-unhide:no;\n\tmso-style-qformat:yes;\n\tmso-style-parent:\"\";\n\tmargin-top:0cm;\n\tmargin-right:0cm;\n\tmargin-bottom:8.0pt;\n\tmargin-left:0cm;\n\tline-height:107%;\n\tmso-pagination:widow-orphan;\n\tfont-size:11.0pt;\n\tfont-family:\"Calibri\",sans-serif;\n\tmso-ascii-font-family:Calibri;\n\tmso-ascii-theme-font:minor-latin;\n\tmso-fareast-font-family:Calibri;\n\tmso-fareast-theme-font:minor-latin;\n\tmso-hansi-font-family:Calibri;\n\tmso-hansi-theme-font:minor-latin;\n\tmso-bidi-font-family:\"Times New Roman\";\n\tmso-bidi-theme-font:minor-bidi;\n\tmso-fareast-language:EN-US;}.MsoChpDefault\n\t{mso-style-type:export-only;\n\tmso-default-props:yes;\n\tfont-size:11.0pt;\n\tmso-ansi-font-size:11.0pt;\n\tmso-bidi-font-size:11.0pt;\n\tfont-family:\"Calibri\",sans-serif;\n\tmso-ascii-font-family:Calibri;\n\tmso-ascii-theme-font:minor-latin;\n\tmso-fareast-font-family:Calibri;\n\tmso-fareast-theme-font:minor-latin;\n\tmso-hansi-font-family:Calibri;\n\tmso-hansi-theme-font:minor-latin;\n\tmso-bidi-font-family:\"Times New Roman\";\n\tmso-bidi-theme-font:minor-bidi;\n\tmso-fareast-language:EN-US;}.MsoPapDefault\n\t{mso-style-type:export-only;\n\tmargin-bottom:8.0pt;\n\tline-height:107%;}div.WordSection1\n\t{page:WordSection1;}<span style=\"font-size:10.5pt;,serif\"><\/span><span style=\"font-size:12.0pt;,serif\"><\/span><\/h3>\t\t<\/div>\n\t\t\t\t<\/div>\n\t\t\t\t\t<\/div>\n\t\t<\/div>\n\t\t\t\t\t<\/div>\n\t\t<\/section>\n\t\t\t\t<section class=\"elementor-section elementor-top-section elementor-element elementor-element-48774a4 elementor-section-boxed elementor-section-height-default elementor-section-height-default\" data-id=\"48774a4\" data-element_type=\"section\">\n\t\t\t\t\t\t<div class=\"elementor-container elementor-column-gap-default\">\n\t\t\t\t\t<div class=\"elementor-column elementor-col-100 elementor-top-column elementor-element elementor-element-9869010\" data-id=\"9869010\" data-element_type=\"column\">\n\t\t\t<div class=\"elementor-widget-wrap elementor-element-populated\">\n\t\t\t\t\t\t<div class=\"elementor-element elementor-element-4cd0216 elementor-widget elementor-widget-heading\" data-id=\"4cd0216\" data-element_type=\"widget\" data-widget_type=\"heading.default\">\n\t\t\t\t<div class=\"elementor-widget-container\">\n\t\t\t<h1 class=\"elementor-heading-title elementor-size-default\">Impressionen<\/h1>\t\t<\/div>\n\t\t\t\t<\/div>\n\t\t\t\t<div class=\"elementor-element elementor-element-1f67188 elementor-widget elementor-widget-image-carousel\" data-id=\"1f67188\" data-element_type=\"widget\" data-settings=\"{&quot;slides_to_show&quot;:&quot;4&quot;,&quot;slides_to_scroll&quot;:&quot;3&quot;,&quot;navigation&quot;:&quot;none&quot;,&quot;autoplay&quot;:&quot;yes&quot;,&quot;pause_on_hover&quot;:&quot;yes&quot;,&quot;pause_on_interaction&quot;:&quot;yes&quot;,&quot;autoplay_speed&quot;:5000,&quot;infinite&quot;:&quot;yes&quot;,&quot;speed&quot;:500}\" data-widget_type=\"image-carousel.default\">\n\t\t\t\t<div class=\"elementor-widget-container\">\n\t\t\t\t\t<div class=\"elementor-image-carousel-wrapper swiper\" dir=\"ltr\">\n\t\t\t<div class=\"elementor-image-carousel swiper-wrapper\" aria-live=\"off\">\n\t\t\t\t\t\t\t\t<div class=\"swiper-slide\" role=\"group\" aria-roledescription=\"slide\" aria-label=\"1 von 5\"><a data-elementor-open-lightbox=\"yes\" data-elementor-lightbox-slideshow=\"1f67188\" data-elementor-lightbox-title=\"WhatsApp Image 2021-11-05 at 07.27.30\" data-e-action-hash=\"#elementor-action%3Aaction%3Dlightbox%26settings%3DeyJpZCI6ODE1LCJ1cmwiOiJodHRwczpcL1wvd3d3LmRvbmhhdXNlci10cmFuc3BvcnRlLmRlXC93cC1jb250ZW50XC91cGxvYWRzXC8yMDIxXC8xMVwvV2hhdHNBcHAtSW1hZ2UtMjAyMS0xMS0wNS1hdC0wNy4yNy4zMC5qcGVnIiwic2xpZGVzaG93IjoiMWY2NzE4OCJ9\" href=\"https:\/\/www.donhauser-transporte.de\/wp-content\/uploads\/2021\/11\/WhatsApp-Image-2021-11-05-at-07.27.30.jpeg\"><figure class=\"swiper-slide-inner\"><img decoding=\"async\" class=\"swiper-slide-image\" src=\"https:\/\/www.donhauser-transporte.de\/wp-content\/uploads\/2021\/11\/WhatsApp-Image-2021-11-05-at-07.27.30-550x400.jpeg\" alt=\"WhatsApp Image 2021-11-05 at 07.27.30\" \/><\/figure><\/a><\/div><div class=\"swiper-slide\" role=\"group\" aria-roledescription=\"slide\" aria-label=\"2 von 5\"><a data-elementor-open-lightbox=\"yes\" data-elementor-lightbox-slideshow=\"1f67188\" data-elementor-lightbox-title=\"WhatsApp Image 2021-11-05 at 07.27.09\" data-e-action-hash=\"#elementor-action%3Aaction%3Dlightbox%26settings%3DeyJpZCI6ODE0LCJ1cmwiOiJodHRwczpcL1wvd3d3LmRvbmhhdXNlci10cmFuc3BvcnRlLmRlXC93cC1jb250ZW50XC91cGxvYWRzXC8yMDIxXC8xMVwvV2hhdHNBcHAtSW1hZ2UtMjAyMS0xMS0wNS1hdC0wNy4yNy4wOS5qcGVnIiwic2xpZGVzaG93IjoiMWY2NzE4OCJ9\" href=\"https:\/\/www.donhauser-transporte.de\/wp-content\/uploads\/2021\/11\/WhatsApp-Image-2021-11-05-at-07.27.09.jpeg\"><figure class=\"swiper-slide-inner\"><img decoding=\"async\" class=\"swiper-slide-image\" src=\"https:\/\/www.donhauser-transporte.de\/wp-content\/uploads\/2021\/11\/WhatsApp-Image-2021-11-05-at-07.27.09-550x400.jpeg\" alt=\"WhatsApp Image 2021-11-05 at 07.27.09\" \/><\/figure><\/a><\/div><div class=\"swiper-slide\" role=\"group\" aria-roledescription=\"slide\" aria-label=\"3 von 5\"><a data-elementor-open-lightbox=\"yes\" data-elementor-lightbox-slideshow=\"1f67188\" data-elementor-lightbox-title=\"WhatsApp Image 2021-11-05 at 07.26.59\" data-e-action-hash=\"#elementor-action%3Aaction%3Dlightbox%26settings%3DeyJpZCI6ODEzLCJ1cmwiOiJodHRwczpcL1wvd3d3LmRvbmhhdXNlci10cmFuc3BvcnRlLmRlXC93cC1jb250ZW50XC91cGxvYWRzXC8yMDIxXC8xMVwvV2hhdHNBcHAtSW1hZ2UtMjAyMS0xMS0wNS1hdC0wNy4yNi41OS5qcGVnIiwic2xpZGVzaG93IjoiMWY2NzE4OCJ9\" href=\"https:\/\/www.donhauser-transporte.de\/wp-content\/uploads\/2021\/11\/WhatsApp-Image-2021-11-05-at-07.26.59.jpeg\"><figure class=\"swiper-slide-inner\"><img decoding=\"async\" class=\"swiper-slide-image\" src=\"https:\/\/www.donhauser-transporte.de\/wp-content\/uploads\/2021\/11\/WhatsApp-Image-2021-11-05-at-07.26.59-550x400.jpeg\" alt=\"WhatsApp Image 2021-11-05 at 07.26.59\" \/><\/figure><\/a><\/div><div class=\"swiper-slide\" role=\"group\" aria-roledescription=\"slide\" aria-label=\"4 von 5\"><a data-elementor-open-lightbox=\"yes\" data-elementor-lightbox-slideshow=\"1f67188\" data-elementor-lightbox-title=\"WhatsApp Image 2021-11-05 at 07.22.58\" data-e-action-hash=\"#elementor-action%3Aaction%3Dlightbox%26settings%3DeyJpZCI6ODA3LCJ1cmwiOiJodHRwczpcL1wvd3d3LmRvbmhhdXNlci10cmFuc3BvcnRlLmRlXC93cC1jb250ZW50XC91cGxvYWRzXC8yMDIxXC8xMVwvV2hhdHNBcHAtSW1hZ2UtMjAyMS0xMS0wNS1hdC0wNy4yMi41OC5qcGVnIiwic2xpZGVzaG93IjoiMWY2NzE4OCJ9\" href=\"https:\/\/www.donhauser-transporte.de\/wp-content\/uploads\/2021\/11\/WhatsApp-Image-2021-11-05-at-07.22.58.jpeg\"><figure class=\"swiper-slide-inner\"><img decoding=\"async\" class=\"swiper-slide-image\" src=\"https:\/\/www.donhauser-transporte.de\/wp-content\/uploads\/2021\/11\/WhatsApp-Image-2021-11-05-at-07.22.58-550x400.jpeg\" alt=\"WhatsApp Image 2021-11-05 at 07.22.58\" \/><\/figure><\/a><\/div><div class=\"swiper-slide\" role=\"group\" aria-roledescription=\"slide\" aria-label=\"5 von 5\"><a data-elementor-open-lightbox=\"yes\" data-elementor-lightbox-slideshow=\"1f67188\" data-elementor-lightbox-title=\"WhatsApp Image 2021-11-05 at 07.22.10\" data-e-action-hash=\"#elementor-action%3Aaction%3Dlightbox%26settings%3DeyJpZCI6ODA2LCJ1cmwiOiJodHRwczpcL1wvd3d3LmRvbmhhdXNlci10cmFuc3BvcnRlLmRlXC93cC1jb250ZW50XC91cGxvYWRzXC8yMDIxXC8xMVwvV2hhdHNBcHAtSW1hZ2UtMjAyMS0xMS0wNS1hdC0wNy4yMi4xMC5qcGVnIiwic2xpZGVzaG93IjoiMWY2NzE4OCJ9\" href=\"https:\/\/www.donhauser-transporte.de\/wp-content\/uploads\/2021\/11\/WhatsApp-Image-2021-11-05-at-07.22.10.jpeg\"><figure class=\"swiper-slide-inner\"><img decoding=\"async\" class=\"swiper-slide-image\" src=\"https:\/\/www.donhauser-transporte.de\/wp-content\/uploads\/2021\/11\/WhatsApp-Image-2021-11-05-at-07.22.10-550x400.jpeg\" alt=\"WhatsApp Image 2021-11-05 at 07.22.10\" \/><\/figure><\/a><\/div>\t\t\t<\/div>\n\t\t\t\t\t\t\t\n\t\t\t\t\t\t\t\t\t<\/div>\n\t\t\t\t<\/div>\n\t\t\t\t<\/div>\n\t\t\t\t\t<\/div>\n\t\t<\/div>\n\t\t\t\t\t<\/div>\n\t\t<\/section>\n\t\t\t\t<section class=\"elementor-section elementor-top-section elementor-element elementor-element-2d93a0c elementor-section-stretched elementor-section-height-min-height elementor-section-boxed elementor-section-height-default elementor-section-items-middle\" data-id=\"2d93a0c\" data-element_type=\"section\" data-settings=\"{&quot;stretch_section&quot;:&quot;section-stretched&quot;,&quot;background_background&quot;:&quot;classic&quot;}\">\n\t\t\t\t\t\t<div class=\"elementor-container elementor-column-gap-default\">\n\t\t\t\t\t<div class=\"elementor-column elementor-col-100 elementor-top-column elementor-element elementor-element-5ead722\" data-id=\"5ead722\" data-element_type=\"column\">\n\t\t\t<div class=\"elementor-widget-wrap elementor-element-populated\">\n\t\t\t\t\t\t<div class=\"elementor-element elementor-element-4021013 elementor-widget elementor-widget-heading\" data-id=\"4021013\" data-element_type=\"widget\" data-widget_type=\"heading.default\">\n\t\t\t\t<div class=\"elementor-widget-container\">\n\t\t\t<h1 class=\"elementor-heading-title elementor-size-default\">Wollen sie mehr \u00fcber uns erfahren, kontaktieren Sie uns!<\/h1>\t\t<\/div>\n\t\t\t\t<\/div>\n\t\t\t\t<div class=\"elementor-element elementor-element-0118f7a elementor-align-center elementor-widget elementor-widget-button\" data-id=\"0118f7a\" data-element_type=\"widget\" data-widget_type=\"button.default\">\n\t\t\t\t<div class=\"elementor-widget-container\">\n\t\t\t\t\t\t\t<div class=\"elementor-button-wrapper\">\n\t\t\t\t\t<a class=\"elementor-button elementor-button-link elementor-size-xl\" href=\"https:\/\/www.donhauser-transporte.de\/index.php\/contact\/\">\n\t\t\t\t\t\t<span class=\"elementor-button-content-wrapper\">\n\t\t\t\t\t\t\t\t\t<span class=\"elementor-button-text\">Kontakt<\/span>\n\t\t\t\t\t<\/span>\n\t\t\t\t\t<\/a>\n\t\t\t\t<\/div>\n\t\t\t\t\t\t<\/div>\n\t\t\t\t<\/div>\n\t\t\t\t\t<\/div>\n\t\t<\/div>\n\t\t\t\t\t<\/div>\n\t\t<\/section>\n\t\t\t\t<section class=\"elementor-section elementor-top-section elementor-element elementor-element-2c063dc elementor-section-boxed elementor-section-height-default elementor-section-height-default\" data-id=\"2c063dc\" data-element_type=\"section\">\n\t\t\t\t\t\t<div class=\"elementor-container elementor-column-gap-default\">\n\t\t\t\t\t<div class=\"elementor-column elementor-col-100 elementor-top-column elementor-element elementor-element-0073543\" data-id=\"0073543\" data-element_type=\"column\">\n\t\t\t<div class=\"elementor-widget-wrap\">\n\t\t\t\t\t\t\t<\/div>\n\t\t<\/div>\n\t\t\t\t\t<\/div>\n\t\t<\/section>\n\t\t\t\t<\/div>\n\t\t","protected":false},"excerpt":{"rendered":"<p>Unser Transportunternehmen Donhauser Siegfried Transporte e.K. hei\u00dft Sie herzlich Willkommen!______________________ Nur wer schnell, unkompliziert und zuverl\u00e4ssig im Bereich Transport reagieren kann, kann [&hellip;]<\/p>\n","protected":false},"author":1,"featured_media":0,"parent":0,"menu_order":0,"comment_status":"closed","ping_status":"closed","template":"page-templates\/page_front-page.php","meta":{"footnotes":""},"class_list":["post-13","page","type-page","status-publish","hentry"],"yoast_head":"<!-- This site is optimized with the Yoast SEO plugin v23.9 - https:\/\/yoast.com\/wordpress\/plugins\/seo\/ -->\n<title>Startseite - Donhauser Transporte e.K.<\/title>\n<meta name=\"robots\" content=\"index, follow, max-snippet:-1, max-image-preview:large, max-video-preview:-1\" \/>\n<link rel=\"canonical\" href=\"https:\/\/www.donhauser-transporte.de\/\" \/>\n<meta property=\"og:locale\" content=\"de_DE\" \/>\n<meta property=\"og:type\" content=\"article\" \/>\n<meta property=\"og:title\" content=\"Startseite - Donhauser Transporte e.K.\" \/>\n<meta property=\"og:description\" content=\"Unser Transportunternehmen Donhauser Siegfried Transporte e.K. hei\u00dft Sie herzlich Willkommen!______________________ Nur wer schnell, unkompliziert und zuverl\u00e4ssig im Bereich Transport reagieren kann, kann [&hellip;]\" \/>\n<meta property=\"og:url\" content=\"https:\/\/www.donhauser-transporte.de\/\" \/>\n<meta property=\"og:site_name\" content=\"Donhauser Transporte e.K.\" \/>\n<meta property=\"article:modified_time\" content=\"2022-07-08T11:51:19+00:00\" \/>\n<meta property=\"og:image\" content=\"https:\/\/www.donhauser-transporte.de\/wp-content\/uploads\/2021\/11\/WhatsApp-Image-2021-11-05-at-07.27.30-550x400.jpeg\" \/>\n<meta name=\"twitter:card\" content=\"summary_large_image\" \/>\n<meta name=\"twitter:label1\" content=\"Gesch\u00e4tzte Lesezeit\" \/>\n\t<meta name=\"twitter:data1\" content=\"4\u00a0Minuten\" \/>\n<script type=\"application\/ld+json\" class=\"yoast-schema-graph\">{\"@context\":\"https:\/\/schema.org\",\"@graph\":[{\"@type\":\"WebPage\",\"@id\":\"https:\/\/www.donhauser-transporte.de\/\",\"url\":\"https:\/\/www.donhauser-transporte.de\/\",\"name\":\"Startseite - Donhauser Transporte e.K.\",\"isPartOf\":{\"@id\":\"https:\/\/www.donhauser-transporte.de\/#website\"},\"primaryImageOfPage\":{\"@id\":\"https:\/\/www.donhauser-transporte.de\/#primaryimage\"},\"image\":{\"@id\":\"https:\/\/www.donhauser-transporte.de\/#primaryimage\"},\"thumbnailUrl\":\"https:\/\/www.donhauser-transporte.de\/wp-content\/uploads\/2021\/11\/WhatsApp-Image-2021-11-05-at-07.27.30-550x400.jpeg\",\"datePublished\":\"2019-10-25T09:50:44+00:00\",\"dateModified\":\"2022-07-08T11:51:19+00:00\",\"breadcrumb\":{\"@id\":\"https:\/\/www.donhauser-transporte.de\/#breadcrumb\"},\"inLanguage\":\"de\",\"potentialAction\":[{\"@type\":\"ReadAction\",\"target\":[\"https:\/\/www.donhauser-transporte.de\/\"]}]},{\"@type\":\"ImageObject\",\"inLanguage\":\"de\",\"@id\":\"https:\/\/www.donhauser-transporte.de\/#primaryimage\",\"url\":\"https:\/\/www.donhauser-transporte.de\/wp-content\/uploads\/2021\/11\/WhatsApp-Image-2021-11-05-at-07.27.30.jpeg\",\"contentUrl\":\"https:\/\/www.donhauser-transporte.de\/wp-content\/uploads\/2021\/11\/WhatsApp-Image-2021-11-05-at-07.27.30.jpeg\",\"width\":2048,\"height\":1536},{\"@type\":\"BreadcrumbList\",\"@id\":\"https:\/\/www.donhauser-transporte.de\/#breadcrumb\",\"itemListElement\":[{\"@type\":\"ListItem\",\"position\":1,\"name\":\"Startseite\",\"item\":\"https:\/\/www.donhauser-transporte.de\/\"},{\"@type\":\"ListItem\",\"position\":2,\"name\":\"Startseite\"}]},{\"@type\":\"WebSite\",\"@id\":\"https:\/\/www.donhauser-transporte.de\/#website\",\"url\":\"https:\/\/www.donhauser-transporte.de\/\",\"name\":\"Donhauser Transporte e.K.\",\"description\":\"Ihr Transportunternehmen\",\"potentialAction\":[{\"@type\":\"SearchAction\",\"target\":{\"@type\":\"EntryPoint\",\"urlTemplate\":\"https:\/\/www.donhauser-transporte.de\/?s={search_term_string}\"},\"query-input\":{\"@type\":\"PropertyValueSpecification\",\"valueRequired\":true,\"valueName\":\"search_term_string\"}}],\"inLanguage\":\"de\"}]}<\/script>\n<!-- \/ Yoast SEO plugin. -->","yoast_head_json":{"title":"Startseite - Donhauser Transporte e.K.","robots":{"index":"index","follow":"follow","max-snippet":"max-snippet:-1","max-image-preview":"max-image-preview:large","max-video-preview":"max-video-preview:-1"},"canonical":"https:\/\/www.donhauser-transporte.de\/","og_locale":"de_DE","og_type":"article","og_title":"Startseite - Donhauser Transporte e.K.","og_description":"Unser Transportunternehmen Donhauser Siegfried Transporte e.K. hei\u00dft Sie herzlich Willkommen!______________________ Nur wer schnell, unkompliziert und zuverl\u00e4ssig im Bereich Transport reagieren kann, kann [&hellip;]","og_url":"https:\/\/www.donhauser-transporte.de\/","og_site_name":"Donhauser Transporte e.K.","article_modified_time":"2022-07-08T11:51:19+00:00","og_image":[{"url":"https:\/\/www.donhauser-transporte.de\/wp-content\/uploads\/2021\/11\/WhatsApp-Image-2021-11-05-at-07.27.30-550x400.jpeg"}],"twitter_card":"summary_large_image","twitter_misc":{"Gesch\u00e4tzte Lesezeit":"4\u00a0Minuten"},"schema":{"@context":"https:\/\/schema.org","@graph":[{"@type":"WebPage","@id":"https:\/\/www.donhauser-transporte.de\/","url":"https:\/\/www.donhauser-transporte.de\/","name":"Startseite - Donhauser Transporte e.K.","isPartOf":{"@id":"https:\/\/www.donhauser-transporte.de\/#website"},"primaryImageOfPage":{"@id":"https:\/\/www.donhauser-transporte.de\/#primaryimage"},"image":{"@id":"https:\/\/www.donhauser-transporte.de\/#primaryimage"},"thumbnailUrl":"https:\/\/www.donhauser-transporte.de\/wp-content\/uploads\/2021\/11\/WhatsApp-Image-2021-11-05-at-07.27.30-550x400.jpeg","datePublished":"2019-10-25T09:50:44+00:00","dateModified":"2022-07-08T11:51:19+00:00","breadcrumb":{"@id":"https:\/\/www.donhauser-transporte.de\/#breadcrumb"},"inLanguage":"de","potentialAction":[{"@type":"ReadAction","target":["https:\/\/www.donhauser-transporte.de\/"]}]},{"@type":"ImageObject","inLanguage":"de","@id":"https:\/\/www.donhauser-transporte.de\/#primaryimage","url":"https:\/\/www.donhauser-transporte.de\/wp-content\/uploads\/2021\/11\/WhatsApp-Image-2021-11-05-at-07.27.30.jpeg","contentUrl":"https:\/\/www.donhauser-transporte.de\/wp-content\/uploads\/2021\/11\/WhatsApp-Image-2021-11-05-at-07.27.30.jpeg","width":2048,"height":1536},{"@type":"BreadcrumbList","@id":"https:\/\/www.donhauser-transporte.de\/#breadcrumb","itemListElement":[{"@type":"ListItem","position":1,"name":"Startseite","item":"https:\/\/www.donhauser-transporte.de\/"},{"@type":"ListItem","position":2,"name":"Startseite"}]},{"@type":"WebSite","@id":"https:\/\/www.donhauser-transporte.de\/#website","url":"https:\/\/www.donhauser-transporte.de\/","name":"Donhauser Transporte e.K.","description":"Ihr Transportunternehmen","potentialAction":[{"@type":"SearchAction","target":{"@type":"EntryPoint","urlTemplate":"https:\/\/www.donhauser-transporte.de\/?s={search_term_string}"},"query-input":{"@type":"PropertyValueSpecification","valueRequired":true,"valueName":"search_term_string"}}],"inLanguage":"de"}]}},"jetpack_sharing_enabled":true,"_links":{"self":[{"href":"https:\/\/www.donhauser-transporte.de\/index.php\/wp-json\/wp\/v2\/pages\/13","targetHints":{"allow":["GET"]}}],"collection":[{"href":"https:\/\/www.donhauser-transporte.de\/index.php\/wp-json\/wp\/v2\/pages"}],"about":[{"href":"https:\/\/www.donhauser-transporte.de\/index.php\/wp-json\/wp\/v2\/types\/page"}],"author":[{"embeddable":true,"href":"https:\/\/www.donhauser-transporte.de\/index.php\/wp-json\/wp\/v2\/users\/1"}],"replies":[{"embeddable":true,"href":"https:\/\/www.donhauser-transporte.de\/index.php\/wp-json\/wp\/v2\/comments?post=13"}],"version-history":[{"count":73,"href":"https:\/\/www.donhauser-transporte.de\/index.php\/wp-json\/wp\/v2\/pages\/13\/revisions"}],"predecessor-version":[{"id":929,"href":"https:\/\/www.donhauser-transporte.de\/index.php\/wp-json\/wp\/v2\/pages\/13\/revisions\/929"}],"wp:attachment":[{"href":"https:\/\/www.donhauser-transporte.de\/index.php\/wp-json\/wp\/v2\/media?parent=13"}],"curies":[{"name":"wp","href":"https:\/\/api.w.org\/{rel}","templated":true}]}}